{"id":1102,"date":"2022-11-27T07:38:57","date_gmt":"2022-11-27T07:38:57","guid":{"rendered":"https:\/\/hamidrezadousti.com\/?post_type=product&#038;p=1102"},"modified":"2025-10-08T14:07:38","modified_gmt":"2025-10-08T14:07:38","slug":"brief-speaking-sessions","status":"publish","type":"product","link":"https:\/\/www.hamidrezadousti.com\/tr\/urun\/brief-speaking-sessions\/","title":{"rendered":"Konu\u015fma Dersi ve Prati\u011fi"},"content":{"rendered":"<ul>\n<li class=\" translation-block\">Kay\u0131ttan sonra, <span style=\"color: #ff0000\">1 saat \u00fccretsiz seviye tespit (s\u00f6zl\u00fc ve yaz\u0131l\u0131)<\/span> ger\u00e7ekle\u015fecektir.<\/li>\n<li class=\" translation-block\">Kay\u0131ttan sonra, <span style=\"color: #ff0000\">1 saat \u00fccretsiz dan\u0131\u015fmanl\u0131k<\/span> ger\u00e7ekle\u015fecektir.<\/li>\n<li class=\" translation-block\">Se\u00e7ilen g\u00fcn ve abonelik uzunlu\u011funa g\u00f6re, <span style=\"color: #ff0000\">50% \u2019a kadar indirim <\/span>uygulanacakt\u0131r.<\/li>\n<li>Kay\u0131t i\u015flemi tamamlanmadan \u00f6nce, ek indiriminizi (indirim kodu) uygulayabilirsiniz.<\/li>\n<li>Daha fazla bilgi almak icin, bize ula\u015fabilirsiniz.<\/li>\n<\/ul>","protected":false},"excerpt":{"rendered":"<p>After enrolling, 1 hour of level test (Written and Oral Assessment) will be conducted free of charge. After enrolling, 1 hour of consultation will be provided free of charge. Based on days per week and commitment level chosen, up to 50% discount may be applied. Further discount (discount codes) is applied before finalising your registration. &hellip;<\/p>\n<p class=\"read-more\"> <a class=\"\" href=\"https:\/\/www.hamidrezadousti.com\/tr\/urun\/brief-speaking-sessions\/\"> <span class=\"screen-reader-text\">Konu\u015fma Dersi ve Prati\u011fi<\/span> Devam\u0131 &raquo;<\/a><\/p>","protected":false},"featured_media":1132,"comment_status":"open","ping_status":"closed","template":"","meta":{"site-sidebar-layout":"default","site-content-layout":"default","ast-global-header-display":"","ast-main-header-display":"","ast-hfb-above-header-display":"","ast-hfb-below-header-display":"","ast-hfb-mobile-header-display":"","site-post-title":"","ast-breadcrumbs-content":"","ast-featured-img":"","footer-sml-layout":"","theme-transparent-header-meta":"default","adv-header-id-meta":"","stick-header-meta":"","header-above-stick-meta":"","header-main-stick-meta":"","header-below-stick-meta":""},"product_cat":[58],"product_tag":[],"_links":{"self":[{"href":"https:\/\/www.hamidrezadousti.com\/tr\/wp-json\/wp\/v2\/product\/1102"}],"collection":[{"href":"https:\/\/www.hamidrezadousti.com\/tr\/wp-json\/wp\/v2\/product"}],"about":[{"href":"https:\/\/www.hamidrezadousti.com\/tr\/wp-json\/wp\/v2\/types\/product"}],"replies":[{"embeddable":true,"href":"https:\/\/www.hamidrezadousti.com\/tr\/wp-json\/wp\/v2\/comments?post=1102"}],"wp:featuredmedia":[{"embeddable":true,"href":"https:\/\/www.hamidrezadousti.com\/tr\/wp-json\/wp\/v2\/media\/1132"}],"wp:attachment":[{"href":"https:\/\/www.hamidrezadousti.com\/tr\/wp-json\/wp\/v2\/media?parent=1102"}],"wp:term":[{"taxonomy":"product_cat","embeddable":true,"href":"https:\/\/www.hamidrezadousti.com\/tr\/wp-json\/wp\/v2\/product_cat?post=1102"},{"taxonomy":"product_tag","embeddable":true,"href":"https:\/\/www.hamidrezadousti.com\/tr\/wp-json\/wp\/v2\/product_tag?post=1102"}],"curies":[{"name":"wp","href":"https:\/\/api.w.org\/{rel}","templated":true}]}}